{"id":111401,"date":"2022-07-25T16:31:13","date_gmt":"2022-07-25T16:31:13","guid":{"rendered":"https:\/\/chateaudebeaufort.fr\/?page_id=111401"},"modified":"2022-08-04T11:09:53","modified_gmt":"2022-08-04T11:09:53","slug":"privacy-policy","status":"publish","type":"page","link":"https:\/\/chateaudebeaufort.fr\/en\/privacy-policy","title":{"rendered":"Privacy Policy"},"content":{"rendered":"<div class=\"wpb-content-wrapper\"><p>[vc_row row_height_percent=&#8221;0&#8243; override_padding=&#8221;yes&#8221; h_padding=&#8221;5&#8243; top_padding=&#8221;2&#8243; bottom_padding=&#8221;2&#8243; back_color=&#8221;accent&#8221; overlay_alpha=&#8221;50&#8243; gutter_size=&#8221;3&#8243; column_width_percent=&#8221;100&#8243; shift_y=&#8221;0&#8243; z_index=&#8221;0&#8243; uncode_shortcode_id=&#8221;743392&#8243; back_color_type=&#8221;uncode-palette&#8221; shape_dividers=&#8221;&#8221;][vc_column width=&#8221;1\/1&#8243;][vc_custom_heading text_size=&#8221;h3&#8243; text_weight=&#8221;900&#8243; text_transform=&#8221;uppercase&#8221; uncode_shortcode_id=&#8221;747857&#8243;]Privacy Policy[\/vc_custom_heading][vc_empty_space empty_h=&#8221;1&#8243;][vc_column_text uncode_shortcode_id=&#8221;767053&#8243;]In accordance with the requirements of the General Data Protection Regulation (GDPR) which came into force on 25 May 2018, we implement all necessary measures to ensure the protection of your data and apply the principle of transparency; you have rights to control your personal data.<\/p>\n<p><strong>EMBEDDED CONTENT FROM OTHER WEBSITES<\/strong><\/p>\n<p>Articles on this site may include embedded content (e.g. videos, images, articles, etc.). Embedded content from other websites behaves exactly the same as if the visitor had visited the other website.<\/p>\n<p>These websites may collect data about you, use cookies, incorporate additional tracking by third parties and monitor your interaction with this embedded content, including tracking your interaction with the embedded content if you have an account and are logged into that website.<\/p>\n<p><strong>CONTACT FORM<\/strong><\/p>\n<p>Information about the collection and processing of your personal data in connection with your request for information:<\/p>\n<p>The information collected on the contact form is recorded in a computerised file by us to respond to your request for information. By sending the form, you consent to us collecting and processing your personal data for the specific purpose of your request for information and the ensuing exchange.<\/p>\n<p>The legal basis for processing is consent, collected (buttons and checkboxes), free, clear and unequivocal in accordance with the applicable conditions which are defined in Articles 4 and 7 of the GDPR.<\/p>\n<p>Your data processed by us are identification data: first names, surnames and e-mail address. They are collected directly from you via the contact form on our website.<\/p>\n<p>Your personal data is kept for the time necessary to process your request for information. It will be kept for 24 months from the last contact and then anonymised and kept for historical and statistical purposes for a period of 36 months, unless there are specific legal constraints.<\/p>\n<p>You may access your data, rectify it, request its deletion or exercise your right to limit the processing of your data. You may withdraw your consent to the processing of your data at any time. You may also object to the processing of your data and exercise your right to the portability of your data.<\/p>\n<p>Visit cnil.fr for more information on your rights.<\/p>\n<p>To exercise these rights or if you have any questions about the processing of your data in this system, you can contact us<\/p>\n<p>BY E-MAIL: contact@chateaudebeaufort.fr<\/p>\n<p>If, after having contacted us, you feel that your &#8220;Informatiques et Libert\u00e9s&#8221; rights have not been respected, you can submit a complaint to the CNIL.[\/vc_column_text][\/vc_column][\/vc_row]<\/p>\n<\/div>","protected":false},"excerpt":{"rendered":"<p>[vc_row row_height_percent=&#8221;0&#8243; override_padding=&#8221;yes&#8221; h_padding=&#8221;5&#8243; top_padding=&#8221;2&#8243; bottom_padding=&#8221;2&#8243; back_color=&#8221;accent&#8221; overlay_alpha=&#8221;50&#8243; gutter_size=&#8221;3&#8243; column_width_percent=&#8221;100&#8243; shift_y=&#8221;0&#8243; z_index=&#8221;0&#8243; uncode_shortcode_id=&#8221;743392&#8243; back_color_type=&#8221;uncode-palette&#8221; shape_dividers=&#8221;&#8221;][vc_column width=&#8221;1\/1&#8243;][vc_custom_heading text_size=&#8221;h3&#8243; text_weight=&#8221;900&#8243; text_transform=&#8221;uppercase&#8221; uncode_shortcode_id=&#8221;747857&#8243;]Privacy [&hellip;]<\/p>\n","protected":false},"author":2,"featured_media":0,"parent":0,"menu_order":0,"comment_status":"closed","ping_status":"closed","template":"","meta":{"footnotes":""},"class_list":["post-111401","page","type-page","status-publish","hentry"],"yoast_head":"<!-- This site is optimized with the Yoast SEO plugin v27.4 - https:\/\/yoast.com\/product\/yoast-seo-wordpress\/ -->\n<title>Privacy Policy - CH\u00c2TEAU DE BEAUFORT<\/title>\n<meta name=\"description\" content=\"Monument historique situ\u00e9 sur le chemin de Stevenson dans le village de Goudet, le Ch\u00e2teau de Beaufort, 2\u00e8me ch\u00e2teau de la Loire apr\u00e8s celui d\u2019Arlempdes, est en constante r\u00e9novation depuis son acquisition en 2008 par l\u2019architecte Jean-Jacques Julien.\" \/>\n<meta name=\"robots\" content=\"index, follow, max-snippet:-1, max-image-preview:large, max-video-preview:-1\" \/>\n<link rel=\"canonical\" href=\"https:\/\/chateaudebeaufort.fr\/en\/privacy-policy\" \/>\n<meta property=\"og:locale\" content=\"en_US\" \/>\n<meta property=\"og:type\" content=\"article\" \/>\n<meta property=\"og:title\" content=\"Privacy Policy - CH\u00c2TEAU DE BEAUFORT\" \/>\n<meta property=\"og:description\" content=\"Monument historique situ\u00e9 sur le chemin de Stevenson dans le village de Goudet, le Ch\u00e2teau de Beaufort, 2\u00e8me ch\u00e2teau de la Loire apr\u00e8s celui d\u2019Arlempdes, est en constante r\u00e9novation depuis son acquisition en 2008 par l\u2019architecte Jean-Jacques Julien.\" \/>\n<meta property=\"og:url\" content=\"https:\/\/chateaudebeaufort.fr\/en\/privacy-policy\" \/>\n<meta property=\"og:site_name\" content=\"CH\u00c2TEAU DE BEAUFORT\" \/>\n<meta property=\"article:publisher\" content=\"https:\/\/www.facebook.com\/Chateau-de-Beaufort-Goudet-1691731687803133\" \/>\n<meta property=\"article:modified_time\" content=\"2022-08-04T11:09:53+00:00\" \/>\n<meta name=\"twitter:card\" content=\"summary_large_image\" \/>\n<meta name=\"twitter:label1\" content=\"Est. reading time\" \/>\n\t<meta name=\"twitter:data1\" content=\"3 minutes\" \/>\n<script type=\"application\/ld+json\" class=\"yoast-schema-graph\">{\"@context\":\"https:\\\/\\\/schema.org\",\"@graph\":[{\"@type\":\"WebPage\",\"@id\":\"https:\\\/\\\/chateaudebeaufort.fr\\\/en\\\/privacy-policy\",\"url\":\"https:\\\/\\\/chateaudebeaufort.fr\\\/en\\\/privacy-policy\",\"name\":\"Privacy Policy - CH\u00c2TEAU DE BEAUFORT\",\"isPartOf\":{\"@id\":\"https:\\\/\\\/chateaudebeaufort.fr\\\/#website\"},\"datePublished\":\"2022-07-25T16:31:13+00:00\",\"dateModified\":\"2022-08-04T11:09:53+00:00\",\"description\":\"Monument historique situ\u00e9 sur le chemin de Stevenson dans le village de Goudet, le Ch\u00e2teau de Beaufort, 2\u00e8me ch\u00e2teau de la Loire apr\u00e8s celui d\u2019Arlempdes, est en constante r\u00e9novation depuis son acquisition en 2008 par l\u2019architecte Jean-Jacques Julien.\",\"breadcrumb\":{\"@id\":\"https:\\\/\\\/chateaudebeaufort.fr\\\/en\\\/privacy-policy#breadcrumb\"},\"inLanguage\":\"en-US\",\"potentialAction\":[{\"@type\":\"ReadAction\",\"target\":[\"https:\\\/\\\/chateaudebeaufort.fr\\\/en\\\/privacy-policy\"]}]},{\"@type\":\"BreadcrumbList\",\"@id\":\"https:\\\/\\\/chateaudebeaufort.fr\\\/en\\\/privacy-policy#breadcrumb\",\"itemListElement\":[{\"@type\":\"ListItem\",\"position\":1,\"name\":\"Accueil\",\"item\":\"https:\\\/\\\/chateaudebeaufort.fr\\\/en\"},{\"@type\":\"ListItem\",\"position\":2,\"name\":\"Privacy Policy\"}]},{\"@type\":\"WebSite\",\"@id\":\"https:\\\/\\\/chateaudebeaufort.fr\\\/#website\",\"url\":\"https:\\\/\\\/chateaudebeaufort.fr\\\/\",\"name\":\"CH\u00c2TEAU DE BEAUFORT\",\"description\":\"\",\"publisher\":{\"@id\":\"https:\\\/\\\/chateaudebeaufort.fr\\\/#organization\"},\"potentialAction\":[{\"@type\":\"SearchAction\",\"target\":{\"@type\":\"EntryPoint\",\"urlTemplate\":\"https:\\\/\\\/chateaudebeaufort.fr\\\/?s={search_term_string}\"},\"query-input\":{\"@type\":\"PropertyValueSpecification\",\"valueRequired\":true,\"valueName\":\"search_term_string\"}}],\"inLanguage\":\"en-US\"},{\"@type\":\"Organization\",\"@id\":\"https:\\\/\\\/chateaudebeaufort.fr\\\/#organization\",\"name\":\"Ch\u00e2teau de Beaufort\",\"url\":\"https:\\\/\\\/chateaudebeaufort.fr\\\/\",\"logo\":{\"@type\":\"ImageObject\",\"inLanguage\":\"en-US\",\"@id\":\"https:\\\/\\\/chateaudebeaufort.fr\\\/#\\\/schema\\\/logo\\\/image\\\/\",\"url\":\"https:\\\/\\\/chateaudebeaufort.fr\\\/wp-content\\\/uploads\\\/2022\\\/07\\\/logo-chateau-de-beaufort.png\",\"contentUrl\":\"https:\\\/\\\/chateaudebeaufort.fr\\\/wp-content\\\/uploads\\\/2022\\\/07\\\/logo-chateau-de-beaufort.png\",\"width\":325,\"height\":475,\"caption\":\"Ch\u00e2teau de Beaufort\"},\"image\":{\"@id\":\"https:\\\/\\\/chateaudebeaufort.fr\\\/#\\\/schema\\\/logo\\\/image\\\/\"},\"sameAs\":[\"https:\\\/\\\/www.facebook.com\\\/Chateau-de-Beaufort-Goudet-1691731687803133\"]}]}<\/script>\n<!-- \/ Yoast SEO plugin. -->","yoast_head_json":{"title":"Privacy Policy - CH\u00c2TEAU DE BEAUFORT","description":"Monument historique situ\u00e9 sur le chemin de Stevenson dans le village de Goudet, le Ch\u00e2teau de Beaufort, 2\u00e8me ch\u00e2teau de la Loire apr\u00e8s celui d\u2019Arlempdes, est en constante r\u00e9novation depuis son acquisition en 2008 par l\u2019architecte Jean-Jacques Julien.","robots":{"index":"index","follow":"follow","max-snippet":"max-snippet:-1","max-image-preview":"max-image-preview:large","max-video-preview":"max-video-preview:-1"},"canonical":"https:\/\/chateaudebeaufort.fr\/en\/privacy-policy","og_locale":"en_US","og_type":"article","og_title":"Privacy Policy - CH\u00c2TEAU DE BEAUFORT","og_description":"Monument historique situ\u00e9 sur le chemin de Stevenson dans le village de Goudet, le Ch\u00e2teau de Beaufort, 2\u00e8me ch\u00e2teau de la Loire apr\u00e8s celui d\u2019Arlempdes, est en constante r\u00e9novation depuis son acquisition en 2008 par l\u2019architecte Jean-Jacques Julien.","og_url":"https:\/\/chateaudebeaufort.fr\/en\/privacy-policy","og_site_name":"CH\u00c2TEAU DE BEAUFORT","article_publisher":"https:\/\/www.facebook.com\/Chateau-de-Beaufort-Goudet-1691731687803133","article_modified_time":"2022-08-04T11:09:53+00:00","twitter_card":"summary_large_image","twitter_misc":{"Est. reading time":"3 minutes"},"schema":{"@context":"https:\/\/schema.org","@graph":[{"@type":"WebPage","@id":"https:\/\/chateaudebeaufort.fr\/en\/privacy-policy","url":"https:\/\/chateaudebeaufort.fr\/en\/privacy-policy","name":"Privacy Policy - CH\u00c2TEAU DE BEAUFORT","isPartOf":{"@id":"https:\/\/chateaudebeaufort.fr\/#website"},"datePublished":"2022-07-25T16:31:13+00:00","dateModified":"2022-08-04T11:09:53+00:00","description":"Monument historique situ\u00e9 sur le chemin de Stevenson dans le village de Goudet, le Ch\u00e2teau de Beaufort, 2\u00e8me ch\u00e2teau de la Loire apr\u00e8s celui d\u2019Arlempdes, est en constante r\u00e9novation depuis son acquisition en 2008 par l\u2019architecte Jean-Jacques Julien.","breadcrumb":{"@id":"https:\/\/chateaudebeaufort.fr\/en\/privacy-policy#breadcrumb"},"inLanguage":"en-US","potentialAction":[{"@type":"ReadAction","target":["https:\/\/chateaudebeaufort.fr\/en\/privacy-policy"]}]},{"@type":"BreadcrumbList","@id":"https:\/\/chateaudebeaufort.fr\/en\/privacy-policy#breadcrumb","itemListElement":[{"@type":"ListItem","position":1,"name":"Accueil","item":"https:\/\/chateaudebeaufort.fr\/en"},{"@type":"ListItem","position":2,"name":"Privacy Policy"}]},{"@type":"WebSite","@id":"https:\/\/chateaudebeaufort.fr\/#website","url":"https:\/\/chateaudebeaufort.fr\/","name":"CH\u00c2TEAU DE BEAUFORT","description":"","publisher":{"@id":"https:\/\/chateaudebeaufort.fr\/#organization"},"potentialAction":[{"@type":"SearchAction","target":{"@type":"EntryPoint","urlTemplate":"https:\/\/chateaudebeaufort.fr\/?s={search_term_string}"},"query-input":{"@type":"PropertyValueSpecification","valueRequired":true,"valueName":"search_term_string"}}],"inLanguage":"en-US"},{"@type":"Organization","@id":"https:\/\/chateaudebeaufort.fr\/#organization","name":"Ch\u00e2teau de Beaufort","url":"https:\/\/chateaudebeaufort.fr\/","logo":{"@type":"ImageObject","inLanguage":"en-US","@id":"https:\/\/chateaudebeaufort.fr\/#\/schema\/logo\/image\/","url":"https:\/\/chateaudebeaufort.fr\/wp-content\/uploads\/2022\/07\/logo-chateau-de-beaufort.png","contentUrl":"https:\/\/chateaudebeaufort.fr\/wp-content\/uploads\/2022\/07\/logo-chateau-de-beaufort.png","width":325,"height":475,"caption":"Ch\u00e2teau de Beaufort"},"image":{"@id":"https:\/\/chateaudebeaufort.fr\/#\/schema\/logo\/image\/"},"sameAs":["https:\/\/www.facebook.com\/Chateau-de-Beaufort-Goudet-1691731687803133"]}]}},"_links":{"self":[{"href":"https:\/\/chateaudebeaufort.fr\/en\/wp-json\/wp\/v2\/pages\/111401","targetHints":{"allow":["GET"]}}],"collection":[{"href":"https:\/\/chateaudebeaufort.fr\/en\/wp-json\/wp\/v2\/pages"}],"about":[{"href":"https:\/\/chateaudebeaufort.fr\/en\/wp-json\/wp\/v2\/types\/page"}],"author":[{"embeddable":true,"href":"https:\/\/chateaudebeaufort.fr\/en\/wp-json\/wp\/v2\/users\/2"}],"replies":[{"embeddable":true,"href":"https:\/\/chateaudebeaufort.fr\/en\/wp-json\/wp\/v2\/comments?post=111401"}],"version-history":[{"count":0,"href":"https:\/\/chateaudebeaufort.fr\/en\/wp-json\/wp\/v2\/pages\/111401\/revisions"}],"wp:attachment":[{"href":"https:\/\/chateaudebeaufort.fr\/en\/wp-json\/wp\/v2\/media?parent=111401"}],"curies":[{"name":"wp","href":"https:\/\/api.w.org\/{rel}","templated":true}]}}