{"id":111393,"date":"2022-07-01T08:27:17","date_gmt":"2022-07-01T08:27:17","guid":{"rendered":"https:\/\/chateaudebeaufort.fr\/?page_id=111393"},"modified":"2026-04-08T10:22:20","modified_gmt":"2026-04-08T10:22:20","slug":"parutions","status":"publish","type":"page","link":"https:\/\/chateaudebeaufort.fr\/en\/parutions","title":{"rendered":"Parutions"},"content":{"rendered":"<div class=\"wpb-content-wrapper\"><p>[vc_row row_height_percent=&#8221;0&#8243; override_padding=&#8221;yes&#8221; h_padding=&#8221;5&#8243; top_padding=&#8221;2&#8243; bottom_padding=&#8221;0&#8243; overlay_alpha=&#8221;50&#8243; gutter_size=&#8221;3&#8243; column_width_percent=&#8221;100&#8243; shift_y=&#8221;0&#8243; z_index=&#8221;0&#8243; uncode_shortcode_id=&#8221;178355&#8243;][vc_column width=&#8221;1\/1&#8243;][vc_custom_heading text_size=&#8221;h3&#8243; text_transform=&#8221;uppercase&#8221; uncode_shortcode_id=&#8221;662823&#8243;]Parutions[\/vc_custom_heading][\/vc_column][\/vc_row][vc_row row_height_percent=&#8221;0&#8243; override_padding=&#8221;yes&#8221; h_padding=&#8221;5&#8243; top_padding=&#8221;2&#8243; bottom_padding=&#8221;2&#8243; overlay_alpha=&#8221;50&#8243; gutter_size=&#8221;3&#8243; column_width_percent=&#8221;100&#8243; shift_y=&#8221;0&#8243; z_index=&#8221;0&#8243; uncode_shortcode_id=&#8221;251997&#8243;][vc_column width=&#8221;1\/2&#8243;][vc_gallery el_id=&#8221;gallery-5602017&#8243; medias=&#8221;118025&#8243; gutter_size=&#8221;3&#8243; media_items=&#8221;media|lightbox|original,title&#8221; screen_lg=&#8221;1000&#8243; screen_md=&#8221;600&#8243; screen_sm=&#8221;480&#8243; single_width=&#8221;12&#8243; single_overlay_opacity=&#8221;70&#8243; single_image_anim=&#8221;no&#8221; single_h_align=&#8221;center&#8221; single_padding=&#8221;2&#8243; single_title_dimension=&#8221;h3&#8243; single_border=&#8221;yes&#8221; uncode_shortcode_id=&#8221;192847&#8243;][vc_single_image media=&#8221;117994&#8243; media_lightbox=&#8221;yes&#8221; media_width_percent=&#8221;100&#8243; lbox_title=&#8221;yes&#8221; uncode_shortcode_id=&#8221;180814&#8243;][vc_single_image media=&#8221;117805&#8243; media_width_percent=&#8221;100&#8243; uncode_shortcode_id=&#8221;132794&#8243;][vc_gallery el_id=&#8221;gallery-181141&#8243; medias=&#8221;110731&#8243; gutter_size=&#8221;3&#8243; media_items=&#8221;media|lightbox|original,title&#8221; screen_lg=&#8221;1000&#8243; screen_md=&#8221;600&#8243; screen_sm=&#8221;480&#8243; single_width=&#8221;12&#8243; single_overlay_color=&#8221;color-wayh&#8221; single_overlay_opacity=&#8221;55&#8243; single_image_anim=&#8221;no&#8221; single_h_align=&#8221;center&#8221; single_padding=&#8221;2&#8243; single_title_family=&#8221;font-985316&#8243; single_title_dimension=&#8221;h3&#8243; single_title_weight=&#8221;800&#8243; single_border=&#8221;yes&#8221; lbox_full=&#8221;yes&#8221; uncode_shortcode_id=&#8221;939908&#8243;][vc_single_image media=&#8221;110735&#8243; media_width_percent=&#8221;100&#8243; uncode_shortcode_id=&#8221;260352&#8243; media_link=&#8221;url:https%3A%2F%2Fwww.leveil.fr%2Fpuy-en-velay-43000%2Factualites%2Fdecouvrez-le-chateau-de-beaufort-a-goudet_12171443%2F|target:_blank&#8221;][vc_single_image media=&#8221;111325&#8243; caption=&#8221;yes&#8221; media_lightbox=&#8221;yes&#8221; media_width_percent=&#8221;100&#8243; uncode_shortcode_id=&#8221;193667&#8243;][\/vc_column][vc_column width=&#8221;1\/2&#8243;][vc_gallery el_id=&#8221;gallery-560201&#8243; medias=&#8221;118043&#8243; gutter_size=&#8221;3&#8243; media_items=&#8221;media|lightbox|original,title&#8221; screen_lg=&#8221;1000&#8243; screen_md=&#8221;600&#8243; screen_sm=&#8221;480&#8243; single_width=&#8221;12&#8243; single_overlay_opacity=&#8221;70&#8243; single_image_anim=&#8221;no&#8221; single_h_align=&#8221;center&#8221; single_padding=&#8221;2&#8243; single_title_dimension=&#8221;h3&#8243; single_border=&#8221;yes&#8221; uncode_shortcode_id=&#8221;195900&#8243;][vc_single_image media=&#8221;117996&#8243; media_width_percent=&#8221;100&#8243; uncode_shortcode_id=&#8221;417665&#8243;][vc_gallery el_id=&#8221;gallery-5602013&#8243; medias=&#8221;117975&#8243; gutter_size=&#8221;3&#8243; media_items=&#8221;media|lightbox|original,title&#8221; screen_lg=&#8221;1000&#8243; screen_md=&#8221;600&#8243; screen_sm=&#8221;480&#8243; single_width=&#8221;12&#8243; single_overlay_opacity=&#8221;70&#8243; single_image_anim=&#8221;no&#8221; single_h_align=&#8221;center&#8221; single_padding=&#8221;2&#8243; single_title_dimension=&#8221;h3&#8243; single_border=&#8221;yes&#8221; uncode_shortcode_id=&#8221;167013&#8243;][vc_gallery el_id=&#8221;gallery-206670&#8243; medias=&#8221;117808&#8243; gutter_size=&#8221;3&#8243; media_items=&#8221;media|lightbox|original,title&#8221; screen_lg=&#8221;1000&#8243; screen_md=&#8221;600&#8243; screen_sm=&#8221;480&#8243; single_width=&#8221;12&#8243; single_overlay_opacity=&#8221;70&#8243; single_image_anim=&#8221;no&#8221; single_h_align=&#8221;center&#8221; single_padding=&#8221;2&#8243; single_title_dimension=&#8221;h3&#8243; single_border=&#8221;yes&#8221; uncode_shortcode_id=&#8221;618167&#8243;][vc_single_image media=&#8221;110734&#8243; media_width_percent=&#8221;100&#8243; uncode_shortcode_id=&#8221;202962&#8243; media_link=&#8221;url:https%3A%2F%2Fwww.leveil.fr%2Fpuy-en-velay-43000%2Floisirs%2Fhaute-loire-20-chateaux-et-demeures-ouvrent-leurs-portes-cet-ete_14148841%2F|target:_blank&#8221;][vc_single_image media=&#8221;110928&#8243; media_width_percent=&#8221;100&#8243; uncode_shortcode_id=&#8221;532956&#8243;][\/vc_column][\/vc_row]<\/p>\n<\/div>","protected":false},"excerpt":{"rendered":"<p>[vc_row row_height_percent=&#8221;0&#8243; override_padding=&#8221;yes&#8221; h_padding=&#8221;5&#8243; top_padding=&#8221;2&#8243; bottom_padding=&#8221;0&#8243; overlay_alpha=&#8221;50&#8243; gutter_size=&#8221;3&#8243; column_width_percent=&#8221;100&#8243; shift_y=&#8221;0&#8243; z_index=&#8221;0&#8243; uncode_shortcode_id=&#8221;178355&#8243;][vc_column width=&#8221;1\/1&#8243;][vc_custom_heading text_size=&#8221;h3&#8243; text_transform=&#8221;uppercase&#8221; uncode_shortcode_id=&#8221;662823&#8243;]Parutions[\/vc_custom_heading][\/vc_column][\/vc_row][vc_row row_height_percent=&#8221;0&#8243; override_padding=&#8221;yes&#8221; h_padding=&#8221;5&#8243; top_padding=&#8221;2&#8243; [&hellip;]<\/p>\n","protected":false},"author":2,"featured_media":0,"parent":0,"menu_order":0,"comment_status":"closed","ping_status":"closed","template":"","meta":{"footnotes":""},"class_list":["post-111393","page","type-page","status-publish","hentry"],"yoast_head":"<!-- This site is optimized with the Yoast SEO plugin v27.6 - https:\/\/yoast.com\/product\/yoast-seo-wordpress\/ -->\n<title>Parutions - CH\u00c2TEAU DE BEAUFORT<\/title>\n<meta name=\"description\" content=\"Monument historique situ\u00e9 sur le chemin de Stevenson dans le village de Goudet, le Ch\u00e2teau de Beaufort, 2\u00e8me ch\u00e2teau de la Loire apr\u00e8s celui d\u2019Arlempdes, est en constante r\u00e9novation depuis son acquisition en 2008 par l\u2019architecte Jean-Jacques Julien.\" \/>\n<meta name=\"robots\" content=\"index, follow, max-snippet:-1, max-image-preview:large, max-video-preview:-1\" \/>\n<link rel=\"canonical\" href=\"https:\/\/chateaudebeaufort.fr\/en\/parutions\" \/>\n<meta property=\"og:locale\" content=\"en_US\" \/>\n<meta property=\"og:type\" content=\"article\" \/>\n<meta property=\"og:title\" content=\"Parutions - CH\u00c2TEAU DE BEAUFORT\" \/>\n<meta property=\"og:description\" content=\"Monument historique situ\u00e9 sur le chemin de Stevenson dans le village de Goudet, le Ch\u00e2teau de Beaufort, 2\u00e8me ch\u00e2teau de la Loire apr\u00e8s celui d\u2019Arlempdes, est en constante r\u00e9novation depuis son acquisition en 2008 par l\u2019architecte Jean-Jacques Julien.\" \/>\n<meta property=\"og:url\" content=\"https:\/\/chateaudebeaufort.fr\/en\/parutions\" \/>\n<meta property=\"og:site_name\" content=\"CH\u00c2TEAU DE BEAUFORT\" \/>\n<meta property=\"article:publisher\" content=\"https:\/\/www.facebook.com\/Chateau-de-Beaufort-Goudet-1691731687803133\" \/>\n<meta property=\"article:modified_time\" content=\"2026-04-08T10:22:20+00:00\" \/>\n<meta name=\"twitter:card\" content=\"summary_large_image\" \/>\n<meta name=\"twitter:label1\" content=\"Est. reading time\" \/>\n\t<meta name=\"twitter:data1\" content=\"1 minute\" \/>\n<script type=\"application\/ld+json\" class=\"yoast-schema-graph\">{\"@context\":\"https:\\\/\\\/schema.org\",\"@graph\":[{\"@type\":\"WebPage\",\"@id\":\"https:\\\/\\\/chateaudebeaufort.fr\\\/en\\\/parutions\",\"url\":\"https:\\\/\\\/chateaudebeaufort.fr\\\/en\\\/parutions\",\"name\":\"Parutions - CH\u00c2TEAU DE BEAUFORT\",\"isPartOf\":{\"@id\":\"https:\\\/\\\/chateaudebeaufort.fr\\\/#website\"},\"datePublished\":\"2022-07-01T08:27:17+00:00\",\"dateModified\":\"2026-04-08T10:22:20+00:00\",\"description\":\"Monument historique situ\u00e9 sur le chemin de Stevenson dans le village de Goudet, le Ch\u00e2teau de Beaufort, 2\u00e8me ch\u00e2teau de la Loire apr\u00e8s celui d\u2019Arlempdes, est en constante r\u00e9novation depuis son acquisition en 2008 par l\u2019architecte Jean-Jacques Julien.\",\"breadcrumb\":{\"@id\":\"https:\\\/\\\/chateaudebeaufort.fr\\\/en\\\/parutions#breadcrumb\"},\"inLanguage\":\"en-US\",\"potentialAction\":[{\"@type\":\"ReadAction\",\"target\":[\"https:\\\/\\\/chateaudebeaufort.fr\\\/en\\\/parutions\"]}]},{\"@type\":\"BreadcrumbList\",\"@id\":\"https:\\\/\\\/chateaudebeaufort.fr\\\/en\\\/parutions#breadcrumb\",\"itemListElement\":[{\"@type\":\"ListItem\",\"position\":1,\"name\":\"Accueil\",\"item\":\"https:\\\/\\\/chateaudebeaufort.fr\\\/en\"},{\"@type\":\"ListItem\",\"position\":2,\"name\":\"Parutions\"}]},{\"@type\":\"WebSite\",\"@id\":\"https:\\\/\\\/chateaudebeaufort.fr\\\/#website\",\"url\":\"https:\\\/\\\/chateaudebeaufort.fr\\\/\",\"name\":\"CH\u00c2TEAU DE BEAUFORT\",\"description\":\"\",\"publisher\":{\"@id\":\"https:\\\/\\\/chateaudebeaufort.fr\\\/#organization\"},\"potentialAction\":[{\"@type\":\"SearchAction\",\"target\":{\"@type\":\"EntryPoint\",\"urlTemplate\":\"https:\\\/\\\/chateaudebeaufort.fr\\\/?s={search_term_string}\"},\"query-input\":{\"@type\":\"PropertyValueSpecification\",\"valueRequired\":true,\"valueName\":\"search_term_string\"}}],\"inLanguage\":\"en-US\"},{\"@type\":\"Organization\",\"@id\":\"https:\\\/\\\/chateaudebeaufort.fr\\\/#organization\",\"name\":\"Ch\u00e2teau de Beaufort\",\"url\":\"https:\\\/\\\/chateaudebeaufort.fr\\\/\",\"logo\":{\"@type\":\"ImageObject\",\"inLanguage\":\"en-US\",\"@id\":\"https:\\\/\\\/chateaudebeaufort.fr\\\/#\\\/schema\\\/logo\\\/image\\\/\",\"url\":\"https:\\\/\\\/chateaudebeaufort.fr\\\/wp-content\\\/uploads\\\/2022\\\/07\\\/logo-chateau-de-beaufort.png\",\"contentUrl\":\"https:\\\/\\\/chateaudebeaufort.fr\\\/wp-content\\\/uploads\\\/2022\\\/07\\\/logo-chateau-de-beaufort.png\",\"width\":325,\"height\":475,\"caption\":\"Ch\u00e2teau de Beaufort\"},\"image\":{\"@id\":\"https:\\\/\\\/chateaudebeaufort.fr\\\/#\\\/schema\\\/logo\\\/image\\\/\"},\"sameAs\":[\"https:\\\/\\\/www.facebook.com\\\/Chateau-de-Beaufort-Goudet-1691731687803133\"]}]}<\/script>\n<!-- \/ Yoast SEO plugin. -->","yoast_head_json":{"title":"Parutions - CH\u00c2TEAU DE BEAUFORT","description":"Monument historique situ\u00e9 sur le chemin de Stevenson dans le village de Goudet, le Ch\u00e2teau de Beaufort, 2\u00e8me ch\u00e2teau de la Loire apr\u00e8s celui d\u2019Arlempdes, est en constante r\u00e9novation depuis son acquisition en 2008 par l\u2019architecte Jean-Jacques Julien.","robots":{"index":"index","follow":"follow","max-snippet":"max-snippet:-1","max-image-preview":"max-image-preview:large","max-video-preview":"max-video-preview:-1"},"canonical":"https:\/\/chateaudebeaufort.fr\/en\/parutions","og_locale":"en_US","og_type":"article","og_title":"Parutions - CH\u00c2TEAU DE BEAUFORT","og_description":"Monument historique situ\u00e9 sur le chemin de Stevenson dans le village de Goudet, le Ch\u00e2teau de Beaufort, 2\u00e8me ch\u00e2teau de la Loire apr\u00e8s celui d\u2019Arlempdes, est en constante r\u00e9novation depuis son acquisition en 2008 par l\u2019architecte Jean-Jacques Julien.","og_url":"https:\/\/chateaudebeaufort.fr\/en\/parutions","og_site_name":"CH\u00c2TEAU DE BEAUFORT","article_publisher":"https:\/\/www.facebook.com\/Chateau-de-Beaufort-Goudet-1691731687803133","article_modified_time":"2026-04-08T10:22:20+00:00","twitter_card":"summary_large_image","twitter_misc":{"Est. reading time":"1 minute"},"schema":{"@context":"https:\/\/schema.org","@graph":[{"@type":"WebPage","@id":"https:\/\/chateaudebeaufort.fr\/en\/parutions","url":"https:\/\/chateaudebeaufort.fr\/en\/parutions","name":"Parutions - CH\u00c2TEAU DE BEAUFORT","isPartOf":{"@id":"https:\/\/chateaudebeaufort.fr\/#website"},"datePublished":"2022-07-01T08:27:17+00:00","dateModified":"2026-04-08T10:22:20+00:00","description":"Monument historique situ\u00e9 sur le chemin de Stevenson dans le village de Goudet, le Ch\u00e2teau de Beaufort, 2\u00e8me ch\u00e2teau de la Loire apr\u00e8s celui d\u2019Arlempdes, est en constante r\u00e9novation depuis son acquisition en 2008 par l\u2019architecte Jean-Jacques Julien.","breadcrumb":{"@id":"https:\/\/chateaudebeaufort.fr\/en\/parutions#breadcrumb"},"inLanguage":"en-US","potentialAction":[{"@type":"ReadAction","target":["https:\/\/chateaudebeaufort.fr\/en\/parutions"]}]},{"@type":"BreadcrumbList","@id":"https:\/\/chateaudebeaufort.fr\/en\/parutions#breadcrumb","itemListElement":[{"@type":"ListItem","position":1,"name":"Accueil","item":"https:\/\/chateaudebeaufort.fr\/en"},{"@type":"ListItem","position":2,"name":"Parutions"}]},{"@type":"WebSite","@id":"https:\/\/chateaudebeaufort.fr\/#website","url":"https:\/\/chateaudebeaufort.fr\/","name":"CH\u00c2TEAU DE BEAUFORT","description":"","publisher":{"@id":"https:\/\/chateaudebeaufort.fr\/#organization"},"potentialAction":[{"@type":"SearchAction","target":{"@type":"EntryPoint","urlTemplate":"https:\/\/chateaudebeaufort.fr\/?s={search_term_string}"},"query-input":{"@type":"PropertyValueSpecification","valueRequired":true,"valueName":"search_term_string"}}],"inLanguage":"en-US"},{"@type":"Organization","@id":"https:\/\/chateaudebeaufort.fr\/#organization","name":"Ch\u00e2teau de Beaufort","url":"https:\/\/chateaudebeaufort.fr\/","logo":{"@type":"ImageObject","inLanguage":"en-US","@id":"https:\/\/chateaudebeaufort.fr\/#\/schema\/logo\/image\/","url":"https:\/\/chateaudebeaufort.fr\/wp-content\/uploads\/2022\/07\/logo-chateau-de-beaufort.png","contentUrl":"https:\/\/chateaudebeaufort.fr\/wp-content\/uploads\/2022\/07\/logo-chateau-de-beaufort.png","width":325,"height":475,"caption":"Ch\u00e2teau de Beaufort"},"image":{"@id":"https:\/\/chateaudebeaufort.fr\/#\/schema\/logo\/image\/"},"sameAs":["https:\/\/www.facebook.com\/Chateau-de-Beaufort-Goudet-1691731687803133"]}]}},"_links":{"self":[{"href":"https:\/\/chateaudebeaufort.fr\/en\/wp-json\/wp\/v2\/pages\/111393","targetHints":{"allow":["GET"]}}],"collection":[{"href":"https:\/\/chateaudebeaufort.fr\/en\/wp-json\/wp\/v2\/pages"}],"about":[{"href":"https:\/\/chateaudebeaufort.fr\/en\/wp-json\/wp\/v2\/types\/page"}],"author":[{"embeddable":true,"href":"https:\/\/chateaudebeaufort.fr\/en\/wp-json\/wp\/v2\/users\/2"}],"replies":[{"embeddable":true,"href":"https:\/\/chateaudebeaufort.fr\/en\/wp-json\/wp\/v2\/comments?post=111393"}],"version-history":[{"count":0,"href":"https:\/\/chateaudebeaufort.fr\/en\/wp-json\/wp\/v2\/pages\/111393\/revisions"}],"wp:attachment":[{"href":"https:\/\/chateaudebeaufort.fr\/en\/wp-json\/wp\/v2\/media?parent=111393"}],"curies":[{"name":"wp","href":"https:\/\/api.w.org\/{rel}","templated":true}]}}