{"id":111388,"date":"2022-07-25T12:42:54","date_gmt":"2022-07-25T12:42:54","guid":{"rendered":"https:\/\/chateaudebeaufort.fr\/?page_id=111388"},"modified":"2022-08-04T11:10:31","modified_gmt":"2022-08-04T11:10:31","slug":"legal-notices","status":"publish","type":"page","link":"https:\/\/chateaudebeaufort.fr\/en\/legal-notices","title":{"rendered":"Legal notices"},"content":{"rendered":"<div class=\"wpb-content-wrapper\"><p>[vc_row row_height_percent=&#8221;0&#8243; override_padding=&#8221;yes&#8221; h_padding=&#8221;5&#8243; top_padding=&#8221;2&#8243; bottom_padding=&#8221;2&#8243; back_color=&#8221;accent&#8221; overlay_alpha=&#8221;50&#8243; gutter_size=&#8221;3&#8243; column_width_percent=&#8221;100&#8243; shift_y=&#8221;0&#8243; z_index=&#8221;0&#8243; uncode_shortcode_id=&#8221;189854&#8243; back_color_type=&#8221;uncode-palette&#8221; shape_dividers=&#8221;&#8221;][vc_column width=&#8221;1\/1&#8243;][vc_custom_heading text_size=&#8221;h3&#8243; text_weight=&#8221;900&#8243; text_transform=&#8221;uppercase&#8221; uncode_shortcode_id=&#8221;150905&#8243;]Legal notices[\/vc_custom_heading][vc_column_text uncode_shortcode_id=&#8221;128057&#8243;]Publisher :<br \/>\nCh\u00e2teau de Beaufort &#8211; 43 150 Goudet, France<br \/>\nMail: contact@chateaudebeaufort.fr<\/p>\n<p>Director of the publication: Jean-Jacques Julien<br \/>\nMail: contact@chateaudebeaufort.fr<\/p>\n<p>Copyright :<br \/>\nThis entire site is subject to French and international legislation on copyright and intellectual property.\u2028All reproduction rights are reserved, including iconographic and photographic representations.\u2028The reproduction of all or part of this site on any medium whatsoever is strictly prohibited without the express authorisation of the site manager.<\/p>\n<p>Right of access and rectification:<br \/>\nIn application of articles 39 and following of the modified law of 6 January 1978, members have the right to access and rectify information concerning them, as well as the means to exercise this right.<\/p>\n<p>Hosting :<br \/>\nIonos SARL<br \/>\n7 place de la Gare<br \/>\nBP 70109 &#8211; 57201 Sarreguemines Cedex<br \/>\nRCS Sarreguemines B 431 303 775<br \/>\nSIRET 431 303 775 000 16<\/p>\n<p>Graphic design :<br \/>\nCaroline Basset &#8211; https:\/\/carolinebasset.fr<br \/>\nWebdesign :<br \/>\nsophie Lebas de Lachesnay &#8211; https:\/\/sophieldel.com[\/vc_column_text][\/vc_column][\/vc_row]<\/p>\n<\/div>","protected":false},"excerpt":{"rendered":"<p>[vc_row row_height_percent=&#8221;0&#8243; override_padding=&#8221;yes&#8221; h_padding=&#8221;5&#8243; top_padding=&#8221;2&#8243; bottom_padding=&#8221;2&#8243; back_color=&#8221;accent&#8221; overlay_alpha=&#8221;50&#8243; gutter_size=&#8221;3&#8243; column_width_percent=&#8221;100&#8243; shift_y=&#8221;0&#8243; z_index=&#8221;0&#8243; uncode_shortcode_id=&#8221;189854&#8243; back_color_type=&#8221;uncode-palette&#8221; shape_dividers=&#8221;&#8221;][vc_column width=&#8221;1\/1&#8243;][vc_custom_heading text_size=&#8221;h3&#8243; text_weight=&#8221;900&#8243; text_transform=&#8221;uppercase&#8221; uncode_shortcode_id=&#8221;150905&#8243;]Legal [&hellip;]<\/p>\n","protected":false},"author":2,"featured_media":0,"parent":0,"menu_order":0,"comment_status":"closed","ping_status":"closed","template":"","meta":{"footnotes":""},"class_list":["post-111388","page","type-page","status-publish","hentry"],"yoast_head":"<!-- This site is optimized with the Yoast SEO plugin v27.4 - https:\/\/yoast.com\/product\/yoast-seo-wordpress\/ -->\n<title>Legal notices - CH\u00c2TEAU DE BEAUFORT<\/title>\n<meta name=\"description\" content=\"Monument historique situ\u00e9 sur le chemin de Stevenson dans le village de Goudet, le Ch\u00e2teau de Beaufort, 2\u00e8me ch\u00e2teau de la Loire apr\u00e8s celui d\u2019Arlempdes, est en constante r\u00e9novation depuis son acquisition en 2008 par l\u2019architecte Jean-Jacques Julien.\" \/>\n<meta name=\"robots\" content=\"index, follow, max-snippet:-1, max-image-preview:large, max-video-preview:-1\" \/>\n<link rel=\"canonical\" href=\"https:\/\/chateaudebeaufort.fr\/en\/legal-notices\" \/>\n<meta property=\"og:locale\" content=\"en_US\" \/>\n<meta property=\"og:type\" content=\"article\" \/>\n<meta property=\"og:title\" content=\"Legal notices - CH\u00c2TEAU DE BEAUFORT\" \/>\n<meta property=\"og:description\" content=\"Monument historique situ\u00e9 sur le chemin de Stevenson dans le village de Goudet, le Ch\u00e2teau de Beaufort, 2\u00e8me ch\u00e2teau de la Loire apr\u00e8s celui d\u2019Arlempdes, est en constante r\u00e9novation depuis son acquisition en 2008 par l\u2019architecte Jean-Jacques Julien.\" \/>\n<meta property=\"og:url\" content=\"https:\/\/chateaudebeaufort.fr\/en\/legal-notices\" \/>\n<meta property=\"og:site_name\" content=\"CH\u00c2TEAU DE BEAUFORT\" \/>\n<meta property=\"article:publisher\" content=\"https:\/\/www.facebook.com\/Chateau-de-Beaufort-Goudet-1691731687803133\" \/>\n<meta property=\"article:modified_time\" content=\"2022-08-04T11:10:31+00:00\" \/>\n<meta name=\"twitter:card\" content=\"summary_large_image\" \/>\n<meta name=\"twitter:label1\" content=\"Est. reading time\" \/>\n\t<meta name=\"twitter:data1\" content=\"1 minute\" \/>\n<script type=\"application\/ld+json\" class=\"yoast-schema-graph\">{\"@context\":\"https:\\\/\\\/schema.org\",\"@graph\":[{\"@type\":\"WebPage\",\"@id\":\"https:\\\/\\\/chateaudebeaufort.fr\\\/en\\\/legal-notices\",\"url\":\"https:\\\/\\\/chateaudebeaufort.fr\\\/en\\\/legal-notices\",\"name\":\"Legal notices - CH\u00c2TEAU DE BEAUFORT\",\"isPartOf\":{\"@id\":\"https:\\\/\\\/chateaudebeaufort.fr\\\/#website\"},\"datePublished\":\"2022-07-25T12:42:54+00:00\",\"dateModified\":\"2022-08-04T11:10:31+00:00\",\"description\":\"Monument historique situ\u00e9 sur le chemin de Stevenson dans le village de Goudet, le Ch\u00e2teau de Beaufort, 2\u00e8me ch\u00e2teau de la Loire apr\u00e8s celui d\u2019Arlempdes, est en constante r\u00e9novation depuis son acquisition en 2008 par l\u2019architecte Jean-Jacques Julien.\",\"breadcrumb\":{\"@id\":\"https:\\\/\\\/chateaudebeaufort.fr\\\/en\\\/legal-notices#breadcrumb\"},\"inLanguage\":\"en-US\",\"potentialAction\":[{\"@type\":\"ReadAction\",\"target\":[\"https:\\\/\\\/chateaudebeaufort.fr\\\/en\\\/legal-notices\"]}]},{\"@type\":\"BreadcrumbList\",\"@id\":\"https:\\\/\\\/chateaudebeaufort.fr\\\/en\\\/legal-notices#breadcrumb\",\"itemListElement\":[{\"@type\":\"ListItem\",\"position\":1,\"name\":\"Accueil\",\"item\":\"https:\\\/\\\/chateaudebeaufort.fr\\\/en\"},{\"@type\":\"ListItem\",\"position\":2,\"name\":\"Legal notices\"}]},{\"@type\":\"WebSite\",\"@id\":\"https:\\\/\\\/chateaudebeaufort.fr\\\/#website\",\"url\":\"https:\\\/\\\/chateaudebeaufort.fr\\\/\",\"name\":\"CH\u00c2TEAU DE BEAUFORT\",\"description\":\"\",\"publisher\":{\"@id\":\"https:\\\/\\\/chateaudebeaufort.fr\\\/#organization\"},\"potentialAction\":[{\"@type\":\"SearchAction\",\"target\":{\"@type\":\"EntryPoint\",\"urlTemplate\":\"https:\\\/\\\/chateaudebeaufort.fr\\\/?s={search_term_string}\"},\"query-input\":{\"@type\":\"PropertyValueSpecification\",\"valueRequired\":true,\"valueName\":\"search_term_string\"}}],\"inLanguage\":\"en-US\"},{\"@type\":\"Organization\",\"@id\":\"https:\\\/\\\/chateaudebeaufort.fr\\\/#organization\",\"name\":\"Ch\u00e2teau de Beaufort\",\"url\":\"https:\\\/\\\/chateaudebeaufort.fr\\\/\",\"logo\":{\"@type\":\"ImageObject\",\"inLanguage\":\"en-US\",\"@id\":\"https:\\\/\\\/chateaudebeaufort.fr\\\/#\\\/schema\\\/logo\\\/image\\\/\",\"url\":\"https:\\\/\\\/chateaudebeaufort.fr\\\/wp-content\\\/uploads\\\/2022\\\/07\\\/logo-chateau-de-beaufort.png\",\"contentUrl\":\"https:\\\/\\\/chateaudebeaufort.fr\\\/wp-content\\\/uploads\\\/2022\\\/07\\\/logo-chateau-de-beaufort.png\",\"width\":325,\"height\":475,\"caption\":\"Ch\u00e2teau de Beaufort\"},\"image\":{\"@id\":\"https:\\\/\\\/chateaudebeaufort.fr\\\/#\\\/schema\\\/logo\\\/image\\\/\"},\"sameAs\":[\"https:\\\/\\\/www.facebook.com\\\/Chateau-de-Beaufort-Goudet-1691731687803133\"]}]}<\/script>\n<!-- \/ Yoast SEO plugin. -->","yoast_head_json":{"title":"Legal notices - CH\u00c2TEAU DE BEAUFORT","description":"Monument historique situ\u00e9 sur le chemin de Stevenson dans le village de Goudet, le Ch\u00e2teau de Beaufort, 2\u00e8me ch\u00e2teau de la Loire apr\u00e8s celui d\u2019Arlempdes, est en constante r\u00e9novation depuis son acquisition en 2008 par l\u2019architecte Jean-Jacques Julien.","robots":{"index":"index","follow":"follow","max-snippet":"max-snippet:-1","max-image-preview":"max-image-preview:large","max-video-preview":"max-video-preview:-1"},"canonical":"https:\/\/chateaudebeaufort.fr\/en\/legal-notices","og_locale":"en_US","og_type":"article","og_title":"Legal notices - CH\u00c2TEAU DE BEAUFORT","og_description":"Monument historique situ\u00e9 sur le chemin de Stevenson dans le village de Goudet, le Ch\u00e2teau de Beaufort, 2\u00e8me ch\u00e2teau de la Loire apr\u00e8s celui d\u2019Arlempdes, est en constante r\u00e9novation depuis son acquisition en 2008 par l\u2019architecte Jean-Jacques Julien.","og_url":"https:\/\/chateaudebeaufort.fr\/en\/legal-notices","og_site_name":"CH\u00c2TEAU DE BEAUFORT","article_publisher":"https:\/\/www.facebook.com\/Chateau-de-Beaufort-Goudet-1691731687803133","article_modified_time":"2022-08-04T11:10:31+00:00","twitter_card":"summary_large_image","twitter_misc":{"Est. reading time":"1 minute"},"schema":{"@context":"https:\/\/schema.org","@graph":[{"@type":"WebPage","@id":"https:\/\/chateaudebeaufort.fr\/en\/legal-notices","url":"https:\/\/chateaudebeaufort.fr\/en\/legal-notices","name":"Legal notices - CH\u00c2TEAU DE BEAUFORT","isPartOf":{"@id":"https:\/\/chateaudebeaufort.fr\/#website"},"datePublished":"2022-07-25T12:42:54+00:00","dateModified":"2022-08-04T11:10:31+00:00","description":"Monument historique situ\u00e9 sur le chemin de Stevenson dans le village de Goudet, le Ch\u00e2teau de Beaufort, 2\u00e8me ch\u00e2teau de la Loire apr\u00e8s celui d\u2019Arlempdes, est en constante r\u00e9novation depuis son acquisition en 2008 par l\u2019architecte Jean-Jacques Julien.","breadcrumb":{"@id":"https:\/\/chateaudebeaufort.fr\/en\/legal-notices#breadcrumb"},"inLanguage":"en-US","potentialAction":[{"@type":"ReadAction","target":["https:\/\/chateaudebeaufort.fr\/en\/legal-notices"]}]},{"@type":"BreadcrumbList","@id":"https:\/\/chateaudebeaufort.fr\/en\/legal-notices#breadcrumb","itemListElement":[{"@type":"ListItem","position":1,"name":"Accueil","item":"https:\/\/chateaudebeaufort.fr\/en"},{"@type":"ListItem","position":2,"name":"Legal notices"}]},{"@type":"WebSite","@id":"https:\/\/chateaudebeaufort.fr\/#website","url":"https:\/\/chateaudebeaufort.fr\/","name":"CH\u00c2TEAU DE BEAUFORT","description":"","publisher":{"@id":"https:\/\/chateaudebeaufort.fr\/#organization"},"potentialAction":[{"@type":"SearchAction","target":{"@type":"EntryPoint","urlTemplate":"https:\/\/chateaudebeaufort.fr\/?s={search_term_string}"},"query-input":{"@type":"PropertyValueSpecification","valueRequired":true,"valueName":"search_term_string"}}],"inLanguage":"en-US"},{"@type":"Organization","@id":"https:\/\/chateaudebeaufort.fr\/#organization","name":"Ch\u00e2teau de Beaufort","url":"https:\/\/chateaudebeaufort.fr\/","logo":{"@type":"ImageObject","inLanguage":"en-US","@id":"https:\/\/chateaudebeaufort.fr\/#\/schema\/logo\/image\/","url":"https:\/\/chateaudebeaufort.fr\/wp-content\/uploads\/2022\/07\/logo-chateau-de-beaufort.png","contentUrl":"https:\/\/chateaudebeaufort.fr\/wp-content\/uploads\/2022\/07\/logo-chateau-de-beaufort.png","width":325,"height":475,"caption":"Ch\u00e2teau de Beaufort"},"image":{"@id":"https:\/\/chateaudebeaufort.fr\/#\/schema\/logo\/image\/"},"sameAs":["https:\/\/www.facebook.com\/Chateau-de-Beaufort-Goudet-1691731687803133"]}]}},"_links":{"self":[{"href":"https:\/\/chateaudebeaufort.fr\/en\/wp-json\/wp\/v2\/pages\/111388","targetHints":{"allow":["GET"]}}],"collection":[{"href":"https:\/\/chateaudebeaufort.fr\/en\/wp-json\/wp\/v2\/pages"}],"about":[{"href":"https:\/\/chateaudebeaufort.fr\/en\/wp-json\/wp\/v2\/types\/page"}],"author":[{"embeddable":true,"href":"https:\/\/chateaudebeaufort.fr\/en\/wp-json\/wp\/v2\/users\/2"}],"replies":[{"embeddable":true,"href":"https:\/\/chateaudebeaufort.fr\/en\/wp-json\/wp\/v2\/comments?post=111388"}],"version-history":[{"count":0,"href":"https:\/\/chateaudebeaufort.fr\/en\/wp-json\/wp\/v2\/pages\/111388\/revisions"}],"wp:attachment":[{"href":"https:\/\/chateaudebeaufort.fr\/en\/wp-json\/wp\/v2\/media?parent=111388"}],"curies":[{"name":"wp","href":"https:\/\/api.w.org\/{rel}","templated":true}]}}