{"id":111383,"date":"2022-07-01T08:26:28","date_gmt":"2022-07-01T08:26:28","guid":{"rendered":"https:\/\/chateaudebeaufort.fr\/?page_id=111383"},"modified":"2022-08-04T12:36:03","modified_gmt":"2022-08-04T12:36:03","slug":"the-castle","status":"publish","type":"page","link":"https:\/\/chateaudebeaufort.fr\/en\/the-castle","title":{"rendered":"The castle"},"content":{"rendered":"<div class=\"wpb-content-wrapper\"><p>[vc_row row_height_percent=&#8221;72&#8243; override_padding=&#8221;yes&#8221; h_padding=&#8221;1&#8243; top_padding=&#8221;5&#8243; bottom_padding=&#8221;1&#8243; back_image=&#8221;110611&#8243; overlay_alpha=&#8221;50&#8243; gutter_size=&#8221;3&#8243; column_width_percent=&#8221;100&#8243; shift_y=&#8221;0&#8243; z_index=&#8221;0&#8243; uncode_shortcode_id=&#8221;684153&#8243;][vc_column column_width_percent=&#8221;76&#8243; position_vertical=&#8221;middle&#8221; align_horizontal=&#8221;align_center&#8221; gutter_size=&#8221;3&#8243; overlay_alpha=&#8221;50&#8243; shift_x=&#8221;0&#8243; shift_y=&#8221;0&#8243; shift_y_down=&#8221;0&#8243; z_index=&#8221;0&#8243; medium_width=&#8221;0&#8243; mobile_width=&#8221;0&#8243; width=&#8221;1\/1&#8243; uncode_shortcode_id=&#8221;124488&#8243;][vc_empty_space empty_h=&#8221;5&#8243;][vc_single_image media=&#8221;110782&#8243; media_width_percent=&#8221;20&#8243; alignment=&#8221;center&#8221; uncode_shortcode_id=&#8221;185555&#8243;][vc_single_image media=&#8221;111154&#8243; media_width_percent=&#8221;90&#8243; alignment=&#8221;center&#8221; uncode_shortcode_id=&#8221;119301&#8243;][\/vc_column][\/vc_row][vc_row row_height_percent=&#8221;0&#8243; override_padding=&#8221;yes&#8221; h_padding=&#8221;5&#8243; top_padding=&#8221;1&#8243; bottom_padding=&#8221;4&#8243; back_color=&#8221;color-wayh&#8221; overlay_alpha=&#8221;50&#8243; gutter_size=&#8221;3&#8243; column_width_percent=&#8221;100&#8243; shift_y=&#8221;0&#8243; z_index=&#8221;0&#8243; uncode_shortcode_id=&#8221;101880&#8243; back_color_type=&#8221;uncode-palette&#8221;][vc_column width=&#8221;1\/1&#8243;][vc_empty_space empty_h=&#8221;2&#8243;][vc_gallery el_id=&#8221;gallery-798758&#8243; medias=&#8221;110755,111329,110610,110770,110757,110773,110774,110776,110760,110761&#8243; gutter_size=&#8221;3&#8243; screen_lg=&#8221;1000&#8243; screen_md=&#8221;600&#8243; screen_sm=&#8221;480&#8243; single_overlay_opacity=&#8221;1&#8243; single_padding=&#8221;2&#8243; single_border=&#8221;yes&#8221; single_css_animation=&#8221;bottom-t-top&#8221; lbox_transparency=&#8221;opaque&#8221; lbox_transition=&#8221;lg-fade&#8221; uncode_shortcode_id=&#8221;387624&#8243;][vc_empty_space empty_h=&#8221;2&#8243;][\/vc_column][\/vc_row]<\/p>\n<\/div>","protected":false},"excerpt":{"rendered":"<p>[vc_row row_height_percent=&#8221;72&#8243; override_padding=&#8221;yes&#8221; h_padding=&#8221;1&#8243; top_padding=&#8221;5&#8243; bottom_padding=&#8221;1&#8243; back_image=&#8221;110611&#8243; overlay_alpha=&#8221;50&#8243; gutter_size=&#8221;3&#8243; column_width_percent=&#8221;100&#8243; shift_y=&#8221;0&#8243; z_index=&#8221;0&#8243; uncode_shortcode_id=&#8221;684153&#8243;][vc_column column_width_percent=&#8221;76&#8243; position_vertical=&#8221;middle&#8221; align_horizontal=&#8221;align_center&#8221; gutter_size=&#8221;3&#8243; overlay_alpha=&#8221;50&#8243; shift_x=&#8221;0&#8243; shift_y=&#8221;0&#8243; [&hellip;]<\/p>\n","protected":false},"author":2,"featured_media":0,"parent":0,"menu_order":0,"comment_status":"closed","ping_status":"closed","template":"","meta":{"footnotes":""},"class_list":["post-111383","page","type-page","status-publish","hentry"],"yoast_head":"<!-- This site is optimized with the Yoast SEO plugin v27.4 - https:\/\/yoast.com\/product\/yoast-seo-wordpress\/ -->\n<title>The castle - CH\u00c2TEAU DE BEAUFORT<\/title>\n<meta name=\"description\" content=\"Monument historique situ\u00e9 sur le chemin de Stevenson dans le village de Goudet, le Ch\u00e2teau de Beaufort, 2\u00e8me ch\u00e2teau de la Loire apr\u00e8s celui d\u2019Arlempdes, est en constante r\u00e9novation depuis son acquisition en 2008 par l\u2019architecte Jean-Jacques Julien.\" \/>\n<meta name=\"robots\" content=\"index, follow, max-snippet:-1, max-image-preview:large, max-video-preview:-1\" \/>\n<link rel=\"canonical\" href=\"https:\/\/chateaudebeaufort.fr\/en\/the-castle\" \/>\n<meta property=\"og:locale\" content=\"en_US\" \/>\n<meta property=\"og:type\" content=\"article\" \/>\n<meta property=\"og:title\" content=\"The castle - CH\u00c2TEAU DE BEAUFORT\" \/>\n<meta property=\"og:description\" content=\"Monument historique situ\u00e9 sur le chemin de Stevenson dans le village de Goudet, le Ch\u00e2teau de Beaufort, 2\u00e8me ch\u00e2teau de la Loire apr\u00e8s celui d\u2019Arlempdes, est en constante r\u00e9novation depuis son acquisition en 2008 par l\u2019architecte Jean-Jacques Julien.\" \/>\n<meta property=\"og:url\" content=\"https:\/\/chateaudebeaufort.fr\/en\/the-castle\" \/>\n<meta property=\"og:site_name\" content=\"CH\u00c2TEAU DE BEAUFORT\" \/>\n<meta property=\"article:publisher\" content=\"https:\/\/www.facebook.com\/Chateau-de-Beaufort-Goudet-1691731687803133\" \/>\n<meta property=\"article:modified_time\" content=\"2022-08-04T12:36:03+00:00\" \/>\n<meta name=\"twitter:card\" content=\"summary_large_image\" \/>\n<meta name=\"twitter:label1\" content=\"Est. reading time\" \/>\n\t<meta name=\"twitter:data1\" content=\"1 minute\" \/>\n<script type=\"application\/ld+json\" class=\"yoast-schema-graph\">{\"@context\":\"https:\\\/\\\/schema.org\",\"@graph\":[{\"@type\":\"WebPage\",\"@id\":\"https:\\\/\\\/chateaudebeaufort.fr\\\/en\\\/the-castle\",\"url\":\"https:\\\/\\\/chateaudebeaufort.fr\\\/en\\\/the-castle\",\"name\":\"The castle - CH\u00c2TEAU DE BEAUFORT\",\"isPartOf\":{\"@id\":\"https:\\\/\\\/chateaudebeaufort.fr\\\/#website\"},\"datePublished\":\"2022-07-01T08:26:28+00:00\",\"dateModified\":\"2022-08-04T12:36:03+00:00\",\"description\":\"Monument historique situ\u00e9 sur le chemin de Stevenson dans le village de Goudet, le Ch\u00e2teau de Beaufort, 2\u00e8me ch\u00e2teau de la Loire apr\u00e8s celui d\u2019Arlempdes, est en constante r\u00e9novation depuis son acquisition en 2008 par l\u2019architecte Jean-Jacques Julien.\",\"breadcrumb\":{\"@id\":\"https:\\\/\\\/chateaudebeaufort.fr\\\/en\\\/the-castle#breadcrumb\"},\"inLanguage\":\"en-US\",\"potentialAction\":[{\"@type\":\"ReadAction\",\"target\":[\"https:\\\/\\\/chateaudebeaufort.fr\\\/en\\\/the-castle\"]}]},{\"@type\":\"BreadcrumbList\",\"@id\":\"https:\\\/\\\/chateaudebeaufort.fr\\\/en\\\/the-castle#breadcrumb\",\"itemListElement\":[{\"@type\":\"ListItem\",\"position\":1,\"name\":\"Accueil\",\"item\":\"https:\\\/\\\/chateaudebeaufort.fr\\\/en\"},{\"@type\":\"ListItem\",\"position\":2,\"name\":\"The castle\"}]},{\"@type\":\"WebSite\",\"@id\":\"https:\\\/\\\/chateaudebeaufort.fr\\\/#website\",\"url\":\"https:\\\/\\\/chateaudebeaufort.fr\\\/\",\"name\":\"CH\u00c2TEAU DE BEAUFORT\",\"description\":\"\",\"publisher\":{\"@id\":\"https:\\\/\\\/chateaudebeaufort.fr\\\/#organization\"},\"potentialAction\":[{\"@type\":\"SearchAction\",\"target\":{\"@type\":\"EntryPoint\",\"urlTemplate\":\"https:\\\/\\\/chateaudebeaufort.fr\\\/?s={search_term_string}\"},\"query-input\":{\"@type\":\"PropertyValueSpecification\",\"valueRequired\":true,\"valueName\":\"search_term_string\"}}],\"inLanguage\":\"en-US\"},{\"@type\":\"Organization\",\"@id\":\"https:\\\/\\\/chateaudebeaufort.fr\\\/#organization\",\"name\":\"Ch\u00e2teau de Beaufort\",\"url\":\"https:\\\/\\\/chateaudebeaufort.fr\\\/\",\"logo\":{\"@type\":\"ImageObject\",\"inLanguage\":\"en-US\",\"@id\":\"https:\\\/\\\/chateaudebeaufort.fr\\\/#\\\/schema\\\/logo\\\/image\\\/\",\"url\":\"https:\\\/\\\/chateaudebeaufort.fr\\\/wp-content\\\/uploads\\\/2022\\\/07\\\/logo-chateau-de-beaufort.png\",\"contentUrl\":\"https:\\\/\\\/chateaudebeaufort.fr\\\/wp-content\\\/uploads\\\/2022\\\/07\\\/logo-chateau-de-beaufort.png\",\"width\":325,\"height\":475,\"caption\":\"Ch\u00e2teau de Beaufort\"},\"image\":{\"@id\":\"https:\\\/\\\/chateaudebeaufort.fr\\\/#\\\/schema\\\/logo\\\/image\\\/\"},\"sameAs\":[\"https:\\\/\\\/www.facebook.com\\\/Chateau-de-Beaufort-Goudet-1691731687803133\"]}]}<\/script>\n<!-- \/ Yoast SEO plugin. -->","yoast_head_json":{"title":"The castle - CH\u00c2TEAU DE BEAUFORT","description":"Monument historique situ\u00e9 sur le chemin de Stevenson dans le village de Goudet, le Ch\u00e2teau de Beaufort, 2\u00e8me ch\u00e2teau de la Loire apr\u00e8s celui d\u2019Arlempdes, est en constante r\u00e9novation depuis son acquisition en 2008 par l\u2019architecte Jean-Jacques Julien.","robots":{"index":"index","follow":"follow","max-snippet":"max-snippet:-1","max-image-preview":"max-image-preview:large","max-video-preview":"max-video-preview:-1"},"canonical":"https:\/\/chateaudebeaufort.fr\/en\/the-castle","og_locale":"en_US","og_type":"article","og_title":"The castle - CH\u00c2TEAU DE BEAUFORT","og_description":"Monument historique situ\u00e9 sur le chemin de Stevenson dans le village de Goudet, le Ch\u00e2teau de Beaufort, 2\u00e8me ch\u00e2teau de la Loire apr\u00e8s celui d\u2019Arlempdes, est en constante r\u00e9novation depuis son acquisition en 2008 par l\u2019architecte Jean-Jacques Julien.","og_url":"https:\/\/chateaudebeaufort.fr\/en\/the-castle","og_site_name":"CH\u00c2TEAU DE BEAUFORT","article_publisher":"https:\/\/www.facebook.com\/Chateau-de-Beaufort-Goudet-1691731687803133","article_modified_time":"2022-08-04T12:36:03+00:00","twitter_card":"summary_large_image","twitter_misc":{"Est. reading time":"1 minute"},"schema":{"@context":"https:\/\/schema.org","@graph":[{"@type":"WebPage","@id":"https:\/\/chateaudebeaufort.fr\/en\/the-castle","url":"https:\/\/chateaudebeaufort.fr\/en\/the-castle","name":"The castle - CH\u00c2TEAU DE BEAUFORT","isPartOf":{"@id":"https:\/\/chateaudebeaufort.fr\/#website"},"datePublished":"2022-07-01T08:26:28+00:00","dateModified":"2022-08-04T12:36:03+00:00","description":"Monument historique situ\u00e9 sur le chemin de Stevenson dans le village de Goudet, le Ch\u00e2teau de Beaufort, 2\u00e8me ch\u00e2teau de la Loire apr\u00e8s celui d\u2019Arlempdes, est en constante r\u00e9novation depuis son acquisition en 2008 par l\u2019architecte Jean-Jacques Julien.","breadcrumb":{"@id":"https:\/\/chateaudebeaufort.fr\/en\/the-castle#breadcrumb"},"inLanguage":"en-US","potentialAction":[{"@type":"ReadAction","target":["https:\/\/chateaudebeaufort.fr\/en\/the-castle"]}]},{"@type":"BreadcrumbList","@id":"https:\/\/chateaudebeaufort.fr\/en\/the-castle#breadcrumb","itemListElement":[{"@type":"ListItem","position":1,"name":"Accueil","item":"https:\/\/chateaudebeaufort.fr\/en"},{"@type":"ListItem","position":2,"name":"The castle"}]},{"@type":"WebSite","@id":"https:\/\/chateaudebeaufort.fr\/#website","url":"https:\/\/chateaudebeaufort.fr\/","name":"CH\u00c2TEAU DE BEAUFORT","description":"","publisher":{"@id":"https:\/\/chateaudebeaufort.fr\/#organization"},"potentialAction":[{"@type":"SearchAction","target":{"@type":"EntryPoint","urlTemplate":"https:\/\/chateaudebeaufort.fr\/?s={search_term_string}"},"query-input":{"@type":"PropertyValueSpecification","valueRequired":true,"valueName":"search_term_string"}}],"inLanguage":"en-US"},{"@type":"Organization","@id":"https:\/\/chateaudebeaufort.fr\/#organization","name":"Ch\u00e2teau de Beaufort","url":"https:\/\/chateaudebeaufort.fr\/","logo":{"@type":"ImageObject","inLanguage":"en-US","@id":"https:\/\/chateaudebeaufort.fr\/#\/schema\/logo\/image\/","url":"https:\/\/chateaudebeaufort.fr\/wp-content\/uploads\/2022\/07\/logo-chateau-de-beaufort.png","contentUrl":"https:\/\/chateaudebeaufort.fr\/wp-content\/uploads\/2022\/07\/logo-chateau-de-beaufort.png","width":325,"height":475,"caption":"Ch\u00e2teau de Beaufort"},"image":{"@id":"https:\/\/chateaudebeaufort.fr\/#\/schema\/logo\/image\/"},"sameAs":["https:\/\/www.facebook.com\/Chateau-de-Beaufort-Goudet-1691731687803133"]}]}},"_links":{"self":[{"href":"https:\/\/chateaudebeaufort.fr\/en\/wp-json\/wp\/v2\/pages\/111383","targetHints":{"allow":["GET"]}}],"collection":[{"href":"https:\/\/chateaudebeaufort.fr\/en\/wp-json\/wp\/v2\/pages"}],"about":[{"href":"https:\/\/chateaudebeaufort.fr\/en\/wp-json\/wp\/v2\/types\/page"}],"author":[{"embeddable":true,"href":"https:\/\/chateaudebeaufort.fr\/en\/wp-json\/wp\/v2\/users\/2"}],"replies":[{"embeddable":true,"href":"https:\/\/chateaudebeaufort.fr\/en\/wp-json\/wp\/v2\/comments?post=111383"}],"version-history":[{"count":0,"href":"https:\/\/chateaudebeaufort.fr\/en\/wp-json\/wp\/v2\/pages\/111383\/revisions"}],"wp:attachment":[{"href":"https:\/\/chateaudebeaufort.fr\/en\/wp-json\/wp\/v2\/media?parent=111383"}],"curies":[{"name":"wp","href":"https:\/\/api.w.org\/{rel}","templated":true}]}}